{"id":45,"date":"2022-01-08T02:01:36","date_gmt":"2022-01-08T02:01:36","guid":{"rendered":"http:\/\/ledsp.com.br\/wordpress\/?page_id=45"},"modified":"2022-01-09T00:05:54","modified_gmt":"2022-01-09T00:05:54","slug":"area-vip","status":"publish","type":"page","link":"http:\/\/ledsp.com.br\/wordpress\/?page_id=45","title":{"rendered":"\u00c1REA VIP"},"content":{"rendered":"\n<p><br>Nosso servi\u00e7o VIP  s\u00e3o para usu\u00e1rios avan\u00e7ados que precisam de informa\u00e7\u00f5es t\u00e9cnicas detalhadas para desenvolvimento de seus pr\u00f3prios projetos luminot\u00e9cnicos caso escolha seguir por este caminho. Oferecemos materiais exclusivos para ajud\u00e1-lo a fornecer solu\u00e7\u00f5es profissionais ao melhor pre\u00e7o do mercado.<\/p>\n\n\n\n<div class=\"wp-block-image\"><figure class=\"alignleft size-full is-resized\"><img decoding=\"async\" loading=\"lazy\" src=\"http:\/\/ledsp.com.br\/wordpress\/wp-content\/uploads\/2022\/01\/catalogo.jpg\" alt=\"\" class=\"wp-image-67\" width=\"97\" height=\"87\" srcset=\"http:\/\/ledsp.com.br\/wordpress\/wp-content\/uploads\/2022\/01\/catalogo.jpg 631w, http:\/\/ledsp.com.br\/wordpress\/wp-content\/uploads\/2022\/01\/catalogo-600x536.jpg 600w, http:\/\/ledsp.com.br\/wordpress\/wp-content\/uploads\/2022\/01\/catalogo-300x268.jpg 300w\" sizes=\"(max-width: 97px) 100vw, 97px\" \/><figcaption><strong>CAT\u00c1LOGO<\/strong><\/figcaption><\/figure><\/div>\n\n\n\n<div class=\"wp-block-image\"><figure class=\"alignleft size-full is-resized\"><img decoding=\"async\" loading=\"lazy\" src=\"http:\/\/ledsp.com.br\/wordpress\/wp-content\/uploads\/2022\/01\/folder.jpg\" alt=\"\" class=\"wp-image-68\" width=\"85\" height=\"85\" srcset=\"http:\/\/ledsp.com.br\/wordpress\/wp-content\/uploads\/2022\/01\/folder.jpg 185w, http:\/\/ledsp.com.br\/wordpress\/wp-content\/uploads\/2022\/01\/folder-100x100.jpg 100w, http:\/\/ledsp.com.br\/wordpress\/wp-content\/uploads\/2022\/01\/folder-150x150.jpg 150w\" sizes=\"(max-width: 85px) 100vw, 85px\" \/><figcaption><strong>FOLDER<\/strong><\/figcaption><\/figure><\/div>\n\n\n\n<div class=\"wp-block-image\"><figure class=\"alignleft size-large is-resized\"><img decoding=\"async\" loading=\"lazy\" src=\"http:\/\/ledsp.com.br\/wordpress\/wp-content\/uploads\/2022\/01\/MANUAL-282x276.jpg\" alt=\"\" class=\"wp-image-69\" width=\"86\" height=\"84\"\/><figcaption><strong>MANUAIS DE INSTALA\u00c7\u00c3O<\/strong><\/figcaption><\/figure><\/div>\n\n\n\n<div class=\"wp-block-image\"><figure class=\"alignleft size-large is-resized\"><img decoding=\"async\" loading=\"lazy\" src=\"http:\/\/ledsp.com.br\/wordpress\/wp-content\/uploads\/2022\/01\/DATASHEET-245x278.jpg\" alt=\"\" class=\"wp-image-70\" width=\"74\" height=\"84\"\/><figcaption><strong>DATASHEET<\/strong><\/figcaption><\/figure><\/div>\n\n\n\n<div class=\"wp-block-image\"><figure class=\"alignleft size-large is-resized\"><img decoding=\"async\" loading=\"lazy\" src=\"http:\/\/ledsp.com.br\/wordpress\/wp-content\/uploads\/2022\/01\/usb-232x234.jpg\" alt=\"\" class=\"wp-image-71\" width=\"82\" height=\"83\" srcset=\"http:\/\/ledsp.com.br\/wordpress\/wp-content\/uploads\/2022\/01\/usb.jpg 232w, http:\/\/ledsp.com.br\/wordpress\/wp-content\/uploads\/2022\/01\/usb-100x100.jpg 100w, http:\/\/ledsp.com.br\/wordpress\/wp-content\/uploads\/2022\/01\/usb-150x150.jpg 150w\" sizes=\"(max-width: 82px) 100vw, 82px\" \/><figcaption><strong>CART\u00c3O USB<\/strong><\/figcaption><\/figure><\/div>\n\n\n\n<div class=\"wp-block-image\"><figure class=\"alignleft size-large is-resized\"><img decoding=\"async\" loading=\"lazy\" src=\"http:\/\/ledsp.com.br\/wordpress\/wp-content\/uploads\/2022\/01\/DESENHO-255x187.jpg\" alt=\"\" class=\"wp-image-74\" width=\"122\" height=\"89\"\/><figcaption><strong>DESENHOS T\u00c9CNICOS<\/strong><\/figcaption><\/figure><\/div>\n\n\n<div class=\"wpforms-container wpforms-container-full wpforms-block\" id=\"wpforms-76\"><form id=\"wpforms-form-76\" class=\"wpforms-validate wpforms-form wpforms-ajax-form\" data-formid=\"76\" method=\"post\" enctype=\"multipart\/form-data\" action=\"\/wordpress\/index.php?rest_route=%2Fwp%2Fv2%2Fpages%2F45\" data-token=\"bce12d3b2a026edbf882b2b1c8884798\" data-token-time=\"1776068341\"><noscript class=\"wpforms-error-noscript\">Please enable JavaScript in your browser to complete this form.<\/noscript><div class=\"wpforms-field-container\"><div id=\"wpforms-76-field_1-container\" class=\"wpforms-field wpforms-field-name\" data-field-id=\"1\"><label class=\"wpforms-field-label\" for=\"wpforms-76-field_1\">USU\u00c1RIO: <span class=\"wpforms-required-label\">*<\/span><\/label><input type=\"text\" id=\"wpforms-76-field_1\" class=\"wpforms-field-medium wpforms-field-required\" name=\"wpforms[fields][1]\" required><\/div><div id=\"wpforms-76-field_2-container\" class=\"wpforms-field wpforms-field-name\" data-field-id=\"2\"><label class=\"wpforms-field-label\" for=\"wpforms-76-field_2\">SENHA: <span class=\"wpforms-required-label\">*<\/span><\/label><input type=\"text\" id=\"wpforms-76-field_2\" class=\"wpforms-field-medium wpforms-field-required\" name=\"wpforms[fields][2]\" required><\/div><\/div><!-- .wpforms-field-container --><div class=\"wpforms-submit-container\" ><input type=\"hidden\" name=\"wpforms[id]\" value=\"76\"><input type=\"hidden\" name=\"page_title\" value=\"\"><input type=\"hidden\" name=\"page_url\" value=\"http:\/\/ledsp.com.br\/wordpress\/index.php?rest_route=\/wp\/v2\/pages\/45\"><input type=\"hidden\" name=\"url_referer\" value=\"\"><button type=\"submit\" name=\"wpforms[submit]\" id=\"wpforms-submit-76\" class=\"wpforms-submit\" data-alt-text=\"entrando...\" data-submit-text=\"ENTRAR\" aria-live=\"assertive\" value=\"wpforms-submit\">ENTRAR<\/button><img decoding=\"async\" loading=\"lazy\" src=\"http:\/\/ledsp.com.br\/wordpress\/wp-content\/plugins\/wpforms-lite\/assets\/images\/submit-spin.svg\" class=\"wpforms-submit-spinner\" style=\"display: none;\" width=\"26\" height=\"26\" alt=\"Loading\"><\/div><\/form><\/div>  <!-- .wpforms-container -->\n\n\n<p><\/p>\n","protected":false},"excerpt":{"rendered":"<p>Nosso servi\u00e7o VIP s\u00e3o para usu\u00e1rios avan\u00e7ados que precisam de informa\u00e7\u00f5es t\u00e9cnicas detalhadas para desenvolvimento de seus pr\u00f3prios projetos luminot\u00e9cnicos caso escolha seguir por este caminho. Oferecemos materiais exclusivos para ajud\u00e1-lo a fornecer solu\u00e7\u00f5es profissionais ao melhor pre\u00e7o do mercado.<\/p>\n","protected":false},"author":1,"featured_media":0,"parent":0,"menu_order":0,"comment_status":"closed","ping_status":"closed","template":"","meta":{"footnotes":""},"_links":{"self":[{"href":"http:\/\/ledsp.com.br\/wordpress\/index.php?rest_route=\/wp\/v2\/pages\/45"}],"collection":[{"href":"http:\/\/ledsp.com.br\/wordpress\/index.php?rest_route=\/wp\/v2\/pages"}],"about":[{"href":"http:\/\/ledsp.com.br\/wordpress\/index.php?rest_route=\/wp\/v2\/types\/page"}],"author":[{"embeddable":true,"href":"http:\/\/ledsp.com.br\/wordpress\/index.php?rest_route=\/wp\/v2\/users\/1"}],"replies":[{"embeddable":true,"href":"http:\/\/ledsp.com.br\/wordpress\/index.php?rest_route=%2Fwp%2Fv2%2Fcomments&post=45"}],"version-history":[{"count":5,"href":"http:\/\/ledsp.com.br\/wordpress\/index.php?rest_route=\/wp\/v2\/pages\/45\/revisions"}],"predecessor-version":[{"id":78,"href":"http:\/\/ledsp.com.br\/wordpress\/index.php?rest_route=\/wp\/v2\/pages\/45\/revisions\/78"}],"wp:attachment":[{"href":"http:\/\/ledsp.com.br\/wordpress\/index.php?rest_route=%2Fwp%2Fv2%2Fmedia&parent=45"}],"curies":[{"name":"wp","href":"https:\/\/api.w.org\/{rel}","templated":true}]}}