{"id":79,"date":"2022-01-09T00:08:22","date_gmt":"2022-01-09T00:08:22","guid":{"rendered":"http:\/\/ledsp.com.br\/wordpress\/?page_id=79"},"modified":"2022-06-17T08:07:13","modified_gmt":"2022-06-17T08:07:13","slug":"sobre-a-led-sp","status":"publish","type":"page","link":"http:\/\/ledsp.com.br\/wordpress\/?page_id=79","title":{"rendered":"Sobre a LED SP"},"content":{"rendered":"\n<p class=\"has-text-align-left\"><em>A LED S\u00e3o Paulo\u00a0conta com profissionais com mais de 23\u00a0anos de experi\u00eancia no mercado de ilumina\u00e7\u00e3o , pioneiros na introdu\u00e7\u00e3o de v\u00e1rias tecnologias no mercado brasileiro.<\/em><\/p>\n\n\n\n<p class=\"has-text-align-left\"><em>Somos reconhecidos&nbsp;pela nossa capacidade t\u00e9cnica, pela qualidade de seus produtos, atendimento diferenciado e p\u00f3s vendas exemplar.<\/em><\/p>\n\n\n\n<p class=\"has-text-align-left\"><em>Estamos sempre a frente da concorr\u00eancia oferecendo solu\u00e7\u00f5es modernas com design futurista, lumin\u00e1rias de alto rendimento, controle de ofuscamento e produtos especialmente desenvolvidos de acordo com as particularidades de cada aplica\u00e7\u00e3o.<\/em><\/p>\n\n\n\n<p class=\"has-text-align-left\"><em>Contamos com uma equipe especializada para elabora\u00e7\u00e3o de projetos e c\u00e1lculos luminot\u00e9cnicos. O comportamento de nossos produtos \u00e9 avaliado constantemente em nosso laborat\u00f3rio, garantindo assim produtos de qualidade superior que exceda as expectativas de nossos clientes. N\u00e3o apenas nos preocupamos apenas  com o controle de qualidade da produ\u00e7\u00e3o, mas tamb\u00e9m com o desempenho dos mesmos.<\/em><\/p>\n\n\n\n<p class=\"has-text-align-left\"><em>A confian\u00e7a em nosso trabalho \u00e9 a nossa maior motiva\u00e7\u00e3o para sempre apresentarmos solu\u00e7\u00f5es inovadoras e econ\u00f4micas, o que leva ao constante aperfei\u00e7oamento de nossos produtos.<\/em><\/p>\n","protected":false},"excerpt":{"rendered":"<p>A LED S\u00e3o Paulo\u00a0conta com profissionais com mais de 23\u00a0anos de experi\u00eancia no mercado de ilumina\u00e7\u00e3o , pioneiros na introdu\u00e7\u00e3o de v\u00e1rias tecnologias no mercado brasileiro. Somos reconhecidos&nbsp;pela nossa capacidade t\u00e9cnica, pela qualidade de seus produtos, atendimento diferenciado e p\u00f3s vendas exemplar. Estamos sempre a frente da concorr\u00eancia oferecendo solu\u00e7\u00f5es modernas com design futurista, lumin\u00e1rias de alto rendimento, controle de ofuscamento e produtos especialmente desenvolvidos de acordo com as particularidades de cada aplica\u00e7\u00e3o. Contamos com uma equipe especializada para elabora\u00e7\u00e3o de projetos e c\u00e1lculos luminot\u00e9cnicos. O comportamento de nossos produtos \u00e9 avaliado constantemente em nosso laborat\u00f3rio, garantindo assim produtos de qualidade superior que exceda as expectativas de nossos clientes. N\u00e3o apenas nos preocupamos apenas com o controle de qualidade da produ\u00e7\u00e3o, mas tamb\u00e9m com o desempenho dos mesmos. A confian\u00e7a em nosso trabalho \u00e9 a nossa maior motiva\u00e7\u00e3o para sempre apresentarmos solu\u00e7\u00f5es inovadoras e econ\u00f4micas, o que leva ao constante&hellip;<\/p>\n<p> <a class=\"more-link\" href=\"http:\/\/ledsp.com.br\/wordpress\/?page_id=79\">Read more<\/a><\/p>\n","protected":false},"author":1,"featured_media":0,"parent":0,"menu_order":0,"comment_status":"closed","ping_status":"closed","template":"","meta":{"footnotes":""},"_links":{"self":[{"href":"http:\/\/ledsp.com.br\/wordpress\/index.php?rest_route=\/wp\/v2\/pages\/79"}],"collection":[{"href":"http:\/\/ledsp.com.br\/wordpress\/index.php?rest_route=\/wp\/v2\/pages"}],"about":[{"href":"http:\/\/ledsp.com.br\/wordpress\/index.php?rest_route=\/wp\/v2\/types\/page"}],"author":[{"embeddable":true,"href":"http:\/\/ledsp.com.br\/wordpress\/index.php?rest_route=\/wp\/v2\/users\/1"}],"replies":[{"embeddable":true,"href":"http:\/\/ledsp.com.br\/wordpress\/index.php?rest_route=%2Fwp%2Fv2%2Fcomments&post=79"}],"version-history":[{"count":3,"href":"http:\/\/ledsp.com.br\/wordpress\/index.php?rest_route=\/wp\/v2\/pages\/79\/revisions"}],"predecessor-version":[{"id":290,"href":"http:\/\/ledsp.com.br\/wordpress\/index.php?rest_route=\/wp\/v2\/pages\/79\/revisions\/290"}],"wp:attachment":[{"href":"http:\/\/ledsp.com.br\/wordpress\/index.php?rest_route=%2Fwp%2Fv2%2Fmedia&parent=79"}],"curies":[{"name":"wp","href":"https:\/\/api.w.org\/{rel}","templated":true}]}}