{"id":207,"date":"2022-02-22T04:47:26","date_gmt":"2022-02-22T04:47:26","guid":{"rendered":"http:\/\/ledsp.com.br\/wordpress\/?post_type=product&#038;p=207"},"modified":"2022-08-19T22:41:12","modified_gmt":"2022-08-19T22:41:12","slug":"davi-panel-lighting-ugr","status":"publish","type":"product","link":"http:\/\/ledsp.com.br\/wordpress\/?product=davi-panel-lighting-ugr","title":{"rendered":"DAVI &#8211; PANEL LIGHTING UGR <19 36 W"},"content":{"rendered":"<div class=\"text-container\">Lumin\u00e1ria de sobrepor ou\u00a0 embutir em forro de gesso ou modulado com perfil &#8220;T&#8221; de aba 25mm com barra de LED. . Difusor\u00a0 prism\u00e1tico diagonal.<\/div>\n<div class=\"text-container\">\n<p><strong>Aplica\u00e7\u00e3o:<\/strong>\u00a0Embutido para ilumina\u00e7\u00e3o geral de \u00e1reas internas. Indicada para uso em resid\u00eancias, escrit\u00f3rios, hospitais, hot\u00e9is, estabelecimentos comerciais e locais similares.<\/p>\n<p>Dimens\u00f5es:\u00a0 620x620x49mm<br \/>\nTemperatura de cor: 3000K\/4000K\/5000K\/5700K<br \/>\nPot\u00eancia: 36 W<br \/>\n3400 lm<\/p>\n<p>Garantia de 2 anos.<\/p>\n<\/div>\n","protected":false},"excerpt":{"rendered":"<p>Lumin\u00e1ria de sobrepor ou\u00a0 embutir em forro de gesso ou modulado com perfil &#8220;T&#8221; de aba 25mm com barra de LED.\u00a0 Difusor\u00a0 prism\u00e1tico diagonal. Com 36W de pot\u00eancia.<\/p>\n[wpforms id=\"203\"]\n<p> <a class=\"more-link\" href=\"http:\/\/ledsp.com.br\/wordpress\/?product=davi-panel-lighting-ugr\">Read more<\/a><\/p>","protected":false},"featured_media":390,"comment_status":"open","ping_status":"closed","template":"","meta":[],"product_cat":[32,28],"product_tag":[],"_links":{"self":[{"href":"http:\/\/ledsp.com.br\/wordpress\/index.php?rest_route=\/wp\/v2\/product\/207"}],"collection":[{"href":"http:\/\/ledsp.com.br\/wordpress\/index.php?rest_route=\/wp\/v2\/product"}],"about":[{"href":"http:\/\/ledsp.com.br\/wordpress\/index.php?rest_route=\/wp\/v2\/types\/product"}],"replies":[{"embeddable":true,"href":"http:\/\/ledsp.com.br\/wordpress\/index.php?rest_route=%2Fwp%2Fv2%2Fcomments&post=207"}],"wp:featuredmedia":[{"embeddable":true,"href":"http:\/\/ledsp.com.br\/wordpress\/index.php?rest_route=\/wp\/v2\/media\/390"}],"wp:attachment":[{"href":"http:\/\/ledsp.com.br\/wordpress\/index.php?rest_route=%2Fwp%2Fv2%2Fmedia&parent=207"}],"wp:term":[{"taxonomy":"product_cat","embeddable":true,"href":"http:\/\/ledsp.com.br\/wordpress\/index.php?rest_route=%2Fwp%2Fv2%2Fproduct_cat&post=207"},{"taxonomy":"product_tag","embeddable":true,"href":"http:\/\/ledsp.com.br\/wordpress\/index.php?rest_route=%2Fwp%2Fv2%2Fproduct_tag&post=207"}],"curies":[{"name":"wp","href":"https:\/\/api.w.org\/{rel}","templated":true}]}}