{"id":228,"date":"2022-02-23T18:01:09","date_gmt":"2022-02-23T18:01:09","guid":{"rendered":"http:\/\/ledsp.com.br\/wordpress\/?post_type=product&#038;p=228"},"modified":"2022-02-23T18:11:00","modified_gmt":"2022-02-23T18:11:00","slug":"urano-linear-led-10-15w","status":"publish","type":"product","link":"http:\/\/ledsp.com.br\/wordpress\/?product=urano-linear-led-10-15w","title":{"rendered":"URANO &#8211; LINEAR LED 10\/15W"},"content":{"rendered":"<pre id=\"tw-target-text\" class=\"tw-data-text tw-text-large tw-ta\" dir=\"ltr\" data-placeholder=\"Translation\"><span class=\"Y2IQFc\" lang=\"pt\">Lumin\u00e1ria de Embutir de 10\/15W com aletas anti ofuscante.\r\nUrano concebida exclusivamente para o arquitetos e designer com imagina\u00e7\u00e3o e estilo pessoal. \r\n<\/span>Possui um sistema de f\u00e1cil instala\u00e7\u00e3o por baixo usando um sofisticado sistema de mola, o que torna simples fazer retrofit em projetos j\u00e1 existentes..<\/pre>\n<pre class=\"tw-data-text tw-text-large tw-ta\" dir=\"ltr\" data-placeholder=\"Translation\"><span class=\"Y2IQFc\" lang=\"pt\">\u2022 Adequado para espessuras de montagem de 1 mm a 25 mm.\r\n\u2022 O refletor em aletas controla o brilho\r\n\u2022 A \u00f3tica da lente com design de grades garante uma ilumina\u00e7\u00e3o sem  ofuscamento\r\n\u2022 Sistema  DALI opcional\r\n\u2022 UGR &lt;19\r\n\r\nDimens\u00f5es do modelo de 15 W 587*42*63 mm, com 1300 lumens.\r\nDimens\u00f5es do modelo de 10 W 300*42*63 mm, com 879  lumens.<\/span><\/pre>\n<p>Garantia de 2 anos de fabrica\u00e7\u00e3o<br \/>\n<div class=\"wpforms-container wpforms-container-full\" id=\"wpforms-209\"><form id=\"wpforms-form-209\" class=\"wpforms-validate wpforms-form wpforms-ajax-form\" data-formid=\"209\" method=\"post\" enctype=\"multipart\/form-data\" action=\"\/wordpress\/index.php?rest_route=%2Fwp%2Fv2%2Fproduct%2F228\" data-token=\"412de24670fae0f1eb7455aabbdad767\" data-token-time=\"1775586314\"><noscript class=\"wpforms-error-noscript\">Please enable JavaScript in your browser to complete this form.<\/noscript><div class=\"wpforms-field-container\"><div id=\"wpforms-209-field_1-container\" class=\"wpforms-field wpforms-field-name\" data-field-id=\"1\"><label class=\"wpforms-field-label\" for=\"wpforms-209-field_1\">Nome: <span class=\"wpforms-required-label\">*<\/span><\/label><input type=\"text\" id=\"wpforms-209-field_1\" class=\"wpforms-field-medium wpforms-field-required\" name=\"wpforms[fields][1]\" required><\/div><div id=\"wpforms-209-field_2-container\" class=\"wpforms-field wpforms-field-email\" data-field-id=\"2\"><label class=\"wpforms-field-label\" for=\"wpforms-209-field_2\">Email <span class=\"wpforms-required-label\">*<\/span><\/label><input type=\"email\" id=\"wpforms-209-field_2\" class=\"wpforms-field-medium wpforms-field-required\" name=\"wpforms[fields][2]\" spellcheck=\"false\" required><\/div><div id=\"wpforms-209-field_3-container\" class=\"wpforms-field wpforms-field-number\" data-field-id=\"3\"><label class=\"wpforms-field-label\" for=\"wpforms-209-field_3\">Telefone<\/label><input type=\"number\" id=\"wpforms-209-field_3\" class=\"wpforms-field-medium\" name=\"wpforms[fields][3]\" step=\"any\" ><\/div><div id=\"wpforms-209-field_4-container\" class=\"wpforms-field wpforms-field-text\" data-field-id=\"4\"><label class=\"wpforms-field-label\" for=\"wpforms-209-field_4\">Mensagem:<\/label><input type=\"text\" id=\"wpforms-209-field_4\" class=\"wpforms-field-medium\" name=\"wpforms[fields][4]\" ><\/div><\/div><!-- .wpforms-field-container --><div class=\"wpforms-submit-container\" ><input type=\"hidden\" name=\"wpforms[id]\" value=\"209\"><input type=\"hidden\" name=\"page_title\" value=\"\"><input type=\"hidden\" name=\"page_url\" value=\"http:\/\/ledsp.com.br\/wordpress\/index.php?rest_route=\/wp\/v2\/product\/228\"><input type=\"hidden\" name=\"url_referer\" value=\"\"><button type=\"submit\" name=\"wpforms[submit]\" id=\"wpforms-submit-209\" class=\"wpforms-submit\" data-alt-text=\"Enviando\" data-submit-text=\"Enviar\" aria-live=\"assertive\" value=\"wpforms-submit\">Enviar<\/button><img src=\"http:\/\/ledsp.com.br\/wordpress\/wp-content\/plugins\/wpforms-lite\/assets\/images\/submit-spin.svg\" class=\"wpforms-submit-spinner\" style=\"display: none;\" width=\"26\" height=\"26\" alt=\"Loading\"><\/div><\/form><\/div>  <!-- .wpforms-container --><\/p>\n","protected":false},"excerpt":{"rendered":"<pre id=\"tw-target-text\" class=\"tw-data-text tw-text-large tw-ta\" dir=\"ltr\" data-placeholder=\"Translation\"><span class=\"Y2IQFc\" lang=\"pt\">Lumin\u00e1ria de Embutir de 10\/15W com aletas anti ofuscante.\r\nUrano concebida exclusivamente para o arquitetos e designer com imagina\u00e7\u00e3o e estilo pessoal. \r\n<\/span>Possui um sistema de f\u00e1cil instala\u00e7\u00e3o por baixo usando um sofisticado sistema de mola, o que torna simples fazer retrofit em projetos j\u00e1 existentes..<\/pre>\n<pre class=\"tw-data-text tw-text-large tw-ta\" dir=\"ltr\" data-placeholder=\"Translation\">[wpforms id=\"203\"]<\/pre>\n<p> <a class=\"more-link\" href=\"http:\/\/ledsp.com.br\/wordpress\/?product=urano-linear-led-10-15w\">Read more<\/a><\/p>","protected":false},"featured_media":230,"comment_status":"open","ping_status":"closed","template":"","meta":[],"product_cat":[32,29],"product_tag":[],"_links":{"self":[{"href":"http:\/\/ledsp.com.br\/wordpress\/index.php?rest_route=\/wp\/v2\/product\/228"}],"collection":[{"href":"http:\/\/ledsp.com.br\/wordpress\/index.php?rest_route=\/wp\/v2\/product"}],"about":[{"href":"http:\/\/ledsp.com.br\/wordpress\/index.php?rest_route=\/wp\/v2\/types\/product"}],"replies":[{"embeddable":true,"href":"http:\/\/ledsp.com.br\/wordpress\/index.php?rest_route=%2Fwp%2Fv2%2Fcomments&post=228"}],"wp:featuredmedia":[{"embeddable":true,"href":"http:\/\/ledsp.com.br\/wordpress\/index.php?rest_route=\/wp\/v2\/media\/230"}],"wp:attachment":[{"href":"http:\/\/ledsp.com.br\/wordpress\/index.php?rest_route=%2Fwp%2Fv2%2Fmedia&parent=228"}],"wp:term":[{"taxonomy":"product_cat","embeddable":true,"href":"http:\/\/ledsp.com.br\/wordpress\/index.php?rest_route=%2Fwp%2Fv2%2Fproduct_cat&post=228"},{"taxonomy":"product_tag","embeddable":true,"href":"http:\/\/ledsp.com.br\/wordpress\/index.php?rest_route=%2Fwp%2Fv2%2Fproduct_tag&post=228"}],"curies":[{"name":"wp","href":"https:\/\/api.w.org\/{rel}","templated":true}]}}