{"id":231,"date":"2022-02-23T19:22:49","date_gmt":"2022-02-23T19:22:49","guid":{"rendered":"http:\/\/ledsp.com.br\/wordpress\/?post_type=product&#038;p=231"},"modified":"2022-08-19T22:48:13","modified_gmt":"2022-08-19T22:48:13","slug":"orion-linear-led-embutir-8-16-32w","status":"publish","type":"product","link":"http:\/\/ledsp.com.br\/wordpress\/?product=orion-linear-led-embutir-8-16-32w","title":{"rendered":"ORION &#8211; LINEAR LED 8\/16\/32W"},"content":{"rendered":"<pre dir=\"ltr\" data-placeholder=\"Translation\">Lumin\u00e1ria pendente para forro de gesso e modulado.<\/pre>\n<pre id=\"tw-target-text\" class=\"tw-data-text tw-text-large tw-ta\" dir=\"ltr\" data-placeholder=\"Translation\"><span class=\"Y2IQFc\" lang=\"pt\">Orion \u00e9 a solu\u00e7\u00e3o perfeita para aplica\u00e7\u00e3o comercial.\r\n\u2022 \u00c9 projetada para substituir lumin\u00e1rias fluorescentes tradicionais.\r\n\u2022 Modular funcional pode ser rapidamente conectado \u00e0 luz linear.\r\n\r\n<\/span><\/pre>\n<p>Dispon\u00edvel nos modelos:<\/p>\n<p>Modelo de 8w, 800 lumens, vida \u00fatil estimada de 50000 horas, 151*151*58 mm.<\/p>\n<div class=\"tab_mess\">\n<p>Modelo\u00a0 de 16W, 1600 lumens,\u00a0 vida \u00fatil estimada de 50000 horas,\u00a0 252*252*58 mm.<\/p>\n<div class=\"tab_mess\">\n<p>Modelo de 36W,\u00a04000 lumens, vida \u00fatil estimada de 50000 horas,\u00a0 1200*49*58 mm.Garantia de 2 anos.<\/p>\n<p>Para mais informa\u00e7\u00f5es entre em contato.<\/p>\n<\/div>\n<div class=\"wpforms-container wpforms-container-full\" id=\"wpforms-209\"><form id=\"wpforms-form-209\" class=\"wpforms-validate wpforms-form wpforms-ajax-form\" data-formid=\"209\" method=\"post\" enctype=\"multipart\/form-data\" action=\"\/wordpress\/index.php?rest_route=%2Fwp%2Fv2%2Fproduct%2F231\" data-token=\"412de24670fae0f1eb7455aabbdad767\" data-token-time=\"1775593208\"><noscript class=\"wpforms-error-noscript\">Please enable JavaScript in your browser to complete this form.<\/noscript><div class=\"wpforms-field-container\"><div id=\"wpforms-209-field_1-container\" class=\"wpforms-field wpforms-field-name\" data-field-id=\"1\"><label class=\"wpforms-field-label\" for=\"wpforms-209-field_1\">Nome: <span class=\"wpforms-required-label\">*<\/span><\/label><input type=\"text\" id=\"wpforms-209-field_1\" class=\"wpforms-field-medium wpforms-field-required\" name=\"wpforms[fields][1]\" required><\/div><div id=\"wpforms-209-field_2-container\" class=\"wpforms-field wpforms-field-email\" data-field-id=\"2\"><label class=\"wpforms-field-label\" for=\"wpforms-209-field_2\">Email <span class=\"wpforms-required-label\">*<\/span><\/label><input type=\"email\" id=\"wpforms-209-field_2\" class=\"wpforms-field-medium wpforms-field-required\" name=\"wpforms[fields][2]\" spellcheck=\"false\" required><\/div><div id=\"wpforms-209-field_3-container\" class=\"wpforms-field wpforms-field-number\" data-field-id=\"3\"><label class=\"wpforms-field-label\" for=\"wpforms-209-field_3\">Telefone<\/label><input type=\"number\" id=\"wpforms-209-field_3\" class=\"wpforms-field-medium\" name=\"wpforms[fields][3]\" step=\"any\" ><\/div><div id=\"wpforms-209-field_4-container\" class=\"wpforms-field wpforms-field-text\" data-field-id=\"4\"><label class=\"wpforms-field-label\" for=\"wpforms-209-field_4\">Mensagem:<\/label><input type=\"text\" id=\"wpforms-209-field_4\" class=\"wpforms-field-medium\" name=\"wpforms[fields][4]\" ><\/div><\/div><!-- .wpforms-field-container --><div class=\"wpforms-submit-container\" ><input type=\"hidden\" name=\"wpforms[id]\" value=\"209\"><input type=\"hidden\" name=\"page_title\" value=\"\"><input type=\"hidden\" name=\"page_url\" value=\"http:\/\/ledsp.com.br\/wordpress\/index.php?rest_route=\/wp\/v2\/product\/231\"><input type=\"hidden\" name=\"url_referer\" value=\"\"><button type=\"submit\" name=\"wpforms[submit]\" id=\"wpforms-submit-209\" class=\"wpforms-submit\" data-alt-text=\"Enviando\" data-submit-text=\"Enviar\" aria-live=\"assertive\" value=\"wpforms-submit\">Enviar<\/button><img src=\"http:\/\/ledsp.com.br\/wordpress\/wp-content\/plugins\/wpforms-lite\/assets\/images\/submit-spin.svg\" class=\"wpforms-submit-spinner\" style=\"display: none;\" width=\"26\" height=\"26\" alt=\"Loading\"><\/div><\/form><\/div>  <!-- .wpforms-container -->\n<\/div>\n<div class=\"tab_mess\"><\/div>\n","protected":false},"excerpt":{"rendered":"<pre dir=\"ltr\" data-placeholder=\"Translation\">Lumin\u00e1ria pendente para forro de gesso e modulado.<\/pre>\n<pre id=\"tw-target-text\" class=\"tw-data-text tw-text-large tw-ta\" dir=\"ltr\" data-placeholder=\"Translation\"><span class=\"Y2IQFc\" lang=\"pt\">Orion \u00e9 a solu\u00e7\u00e3o perfeita para aplica\u00e7\u00e3o comercial.\r\n\u2022 \u00c9 projetada para substituir lumin\u00e1rias fluorescentes tradicionais.\r\n\u2022 Modular funcional pode ser rapidamente conectado \u00e0 luz linear.\r\n<\/span><\/pre>\n<p>Dispon\u00edvel nos modelos:<\/p>\n<p>Modelo de 8w, 800 lumens, vida \u00fatil estimada de 50000 horas, 151*151*58 mm.<\/p>\n<div class=\"tab_mess\">\n<p>Modelo\u00a0 de 16W, 1600 lumens,\u00a0 vida \u00fatil estimada de 50000 horas,\u00a0 252*252*58 mm.<\/p>\n<div class=\"tab_mess\">\n<p>Modelo de 36W,\u00a04000 lumens, vida \u00fatil estimada de 50000 horas,\u00a0 1200*49*58 mm.[wpforms id=\"203\"]<\/p>\n<\/div>\n<\/div>\n<p> <a class=\"more-link\" href=\"http:\/\/ledsp.com.br\/wordpress\/?product=orion-linear-led-embutir-8-16-32w\">Read more<\/a><\/p>","protected":false},"featured_media":391,"comment_status":"open","ping_status":"closed","template":"","meta":[],"product_cat":[32,29],"product_tag":[],"_links":{"self":[{"href":"http:\/\/ledsp.com.br\/wordpress\/index.php?rest_route=\/wp\/v2\/product\/231"}],"collection":[{"href":"http:\/\/ledsp.com.br\/wordpress\/index.php?rest_route=\/wp\/v2\/product"}],"about":[{"href":"http:\/\/ledsp.com.br\/wordpress\/index.php?rest_route=\/wp\/v2\/types\/product"}],"replies":[{"embeddable":true,"href":"http:\/\/ledsp.com.br\/wordpress\/index.php?rest_route=%2Fwp%2Fv2%2Fcomments&post=231"}],"wp:featuredmedia":[{"embeddable":true,"href":"http:\/\/ledsp.com.br\/wordpress\/index.php?rest_route=\/wp\/v2\/media\/391"}],"wp:attachment":[{"href":"http:\/\/ledsp.com.br\/wordpress\/index.php?rest_route=%2Fwp%2Fv2%2Fmedia&parent=231"}],"wp:term":[{"taxonomy":"product_cat","embeddable":true,"href":"http:\/\/ledsp.com.br\/wordpress\/index.php?rest_route=%2Fwp%2Fv2%2Fproduct_cat&post=231"},{"taxonomy":"product_tag","embeddable":true,"href":"http:\/\/ledsp.com.br\/wordpress\/index.php?rest_route=%2Fwp%2Fv2%2Fproduct_tag&post=231"}],"curies":[{"name":"wp","href":"https:\/\/api.w.org\/{rel}","templated":true}]}}