{"id":233,"date":"2022-02-23T20:12:02","date_gmt":"2022-02-23T20:12:02","guid":{"rendered":"http:\/\/ledsp.com.br\/wordpress\/?post_type=product&#038;p=233"},"modified":"2022-08-19T22:39:19","modified_gmt":"2022-08-19T22:39:19","slug":"fenix-panel-led-32w","status":"publish","type":"product","link":"http:\/\/ledsp.com.br\/wordpress\/?product=fenix-panel-led-32w","title":{"rendered":"FENIX &#8211; PANEL LED 32W"},"content":{"rendered":"<pre id=\"tw-target-text\" class=\"tw-data-text tw-text-large tw-ta\" dir=\"ltr\" data-placeholder=\"Translation\"><span class=\"Y2IQFc\" lang=\"pt\">Fenix \u00e9 uma lumin\u00e1ria de ilumina\u00e7\u00e3o direta com alta efici\u00eancia luminosa. Faz pleno uso de suas placas de led e por isso\r\no aproveitamento da luz \u00e9 muito melhor quando comparado com a luz do painel de LED de ilumina\u00e7\u00e3o lateral. Adota lentes \u00f3pticas para oferecer um efeito de luz uniforme.\r\nCom chapa de ferro integrada, proporcionando \u00f3timo gerenciamento t\u00e9rmico.\r\n\r\n Efeito de luz uniforme com lente \u00f3ptica.\r\n Alta efici\u00eancia de l\u00famen, 160lm\/W.\r\n O design integrado da placa de ferro oferece excelente gerenciamento t\u00e9rmico e durabilidade.\r\n O design conciso oferece alto desempenho.\r\n Design antirreflexo, UGR &lt;19\r\n Driver embutido. - Instala\u00e7\u00e3o: Montagem em sobrepor, pendente, embutida.\r\n<\/span><\/pre>\n<p>Dimens\u00f5es: 620x620x32mm.<br \/>\nPotencia 40W\u00a0 5700 a 6000 lumens<br \/>\nURG &gt; 19<br \/>\nIP 40<br \/>\nVida \u00fatil estimada 500000 horas<\/p>\n<pre class=\"tw-data-text tw-text-large tw-ta\" dir=\"ltr\" data-placeholder=\"Translation\"><span class=\"Y2IQFc\" lang=\"pt\">\u00c1reas de aplica\u00e7\u00e3o: Ilumina\u00e7\u00e3o de escrit\u00f3rio e escola: sala de escrit\u00f3rio, sala de reuni\u00f5es, sala de aula etc. Ilumina\u00e7\u00e3o comercial: compras\r\nshopping, super mercado, lojas de varejo etc. Outras situa\u00e7\u00f5es: hospital, laborat\u00f3rio, oficina livre de poeira etc.<\/span><\/pre>\n<p>Garantia de 2 anos de fabrica\u00e7\u00e3o<\/p>\n<p>Para mais informa\u00e7\u00f5es entre em contato<\/p>\n<div class=\"wpforms-container wpforms-container-full\" id=\"wpforms-209\"><form id=\"wpforms-form-209\" class=\"wpforms-validate wpforms-form wpforms-ajax-form\" data-formid=\"209\" method=\"post\" enctype=\"multipart\/form-data\" action=\"\/wordpress\/index.php?rest_route=%2Fwp%2Fv2%2Fproduct%2F233\" data-token=\"2a2275f8f27d663d06a9f1afd054070b\" data-token-time=\"1775896886\"><noscript class=\"wpforms-error-noscript\">Please enable JavaScript in your browser to complete this form.<\/noscript><div class=\"wpforms-field-container\"><div id=\"wpforms-209-field_1-container\" class=\"wpforms-field wpforms-field-name\" data-field-id=\"1\"><label class=\"wpforms-field-label\" for=\"wpforms-209-field_1\">Nome: <span class=\"wpforms-required-label\">*<\/span><\/label><input type=\"text\" id=\"wpforms-209-field_1\" class=\"wpforms-field-medium wpforms-field-required\" name=\"wpforms[fields][1]\" required><\/div><div id=\"wpforms-209-field_2-container\" class=\"wpforms-field wpforms-field-email\" data-field-id=\"2\"><label class=\"wpforms-field-label\" for=\"wpforms-209-field_2\">Email <span class=\"wpforms-required-label\">*<\/span><\/label><input type=\"email\" id=\"wpforms-209-field_2\" class=\"wpforms-field-medium wpforms-field-required\" name=\"wpforms[fields][2]\" spellcheck=\"false\" required><\/div><div id=\"wpforms-209-field_3-container\" class=\"wpforms-field wpforms-field-number\" data-field-id=\"3\"><label class=\"wpforms-field-label\" for=\"wpforms-209-field_3\">Telefone<\/label><input type=\"number\" id=\"wpforms-209-field_3\" class=\"wpforms-field-medium\" name=\"wpforms[fields][3]\" step=\"any\" ><\/div><div id=\"wpforms-209-field_4-container\" class=\"wpforms-field wpforms-field-text\" data-field-id=\"4\"><label class=\"wpforms-field-label\" for=\"wpforms-209-field_4\">Mensagem:<\/label><input type=\"text\" id=\"wpforms-209-field_4\" class=\"wpforms-field-medium\" name=\"wpforms[fields][4]\" ><\/div><\/div><!-- .wpforms-field-container --><div class=\"wpforms-submit-container\" ><input type=\"hidden\" name=\"wpforms[id]\" value=\"209\"><input type=\"hidden\" name=\"page_title\" value=\"\"><input type=\"hidden\" name=\"page_url\" value=\"http:\/\/ledsp.com.br\/wordpress\/index.php?rest_route=\/wp\/v2\/product\/233\"><input type=\"hidden\" name=\"url_referer\" value=\"\"><button type=\"submit\" name=\"wpforms[submit]\" id=\"wpforms-submit-209\" class=\"wpforms-submit\" data-alt-text=\"Enviando\" data-submit-text=\"Enviar\" aria-live=\"assertive\" value=\"wpforms-submit\">Enviar<\/button><img src=\"http:\/\/ledsp.com.br\/wordpress\/wp-content\/plugins\/wpforms-lite\/assets\/images\/submit-spin.svg\" class=\"wpforms-submit-spinner\" style=\"display: none;\" width=\"26\" height=\"26\" alt=\"Loading\"><\/div><\/form><\/div>  <!-- .wpforms-container -->\n","protected":false},"excerpt":{"rendered":"<p><span class=\"Y2IQFc\" lang=\"pt\">Fenix \u00e9 uma lumin\u00e1ria de ilumina\u00e7\u00e3o direta com alta efici\u00eancia luminosa. Faz pleno uso de suas placas de led e por isso o aproveitamento da luz \u00e9 muito melhor quando comparado com a luz do painel de LED de ilumina\u00e7\u00e3o lateral. Adota lentes \u00f3pticas para oferecer um efeito de luz uniforme. Com chapa de ferro integrada, proporcionando \u00f3timo gerenciamento t\u00e9rmico.<\/span><\/p>\n[wpforms id=\"203\"]\n<p> <a class=\"more-link\" href=\"http:\/\/ledsp.com.br\/wordpress\/?product=fenix-panel-led-32w\">Read more<\/a><\/p>","protected":false},"featured_media":389,"comment_status":"open","ping_status":"closed","template":"","meta":[],"product_cat":[32,33,34],"product_tag":[],"_links":{"self":[{"href":"http:\/\/ledsp.com.br\/wordpress\/index.php?rest_route=\/wp\/v2\/product\/233"}],"collection":[{"href":"http:\/\/ledsp.com.br\/wordpress\/index.php?rest_route=\/wp\/v2\/product"}],"about":[{"href":"http:\/\/ledsp.com.br\/wordpress\/index.php?rest_route=\/wp\/v2\/types\/product"}],"replies":[{"embeddable":true,"href":"http:\/\/ledsp.com.br\/wordpress\/index.php?rest_route=%2Fwp%2Fv2%2Fcomments&post=233"}],"wp:featuredmedia":[{"embeddable":true,"href":"http:\/\/ledsp.com.br\/wordpress\/index.php?rest_route=\/wp\/v2\/media\/389"}],"wp:attachment":[{"href":"http:\/\/ledsp.com.br\/wordpress\/index.php?rest_route=%2Fwp%2Fv2%2Fmedia&parent=233"}],"wp:term":[{"taxonomy":"product_cat","embeddable":true,"href":"http:\/\/ledsp.com.br\/wordpress\/index.php?rest_route=%2Fwp%2Fv2%2Fproduct_cat&post=233"},{"taxonomy":"product_tag","embeddable":true,"href":"http:\/\/ledsp.com.br\/wordpress\/index.php?rest_route=%2Fwp%2Fv2%2Fproduct_tag&post=233"}],"curies":[{"name":"wp","href":"https:\/\/api.w.org\/{rel}","templated":true}]}}