{"id":348,"date":"2022-07-25T18:22:18","date_gmt":"2022-07-25T18:22:18","guid":{"rendered":"http:\/\/ledsp.com.br\/wordpress\/?post_type=product&#038;p=348"},"modified":"2022-08-17T17:29:28","modified_gmt":"2022-08-17T17:29:28","slug":"lampada-t8-10w-4000k-900lm-bivolt-copy","status":"publish","type":"product","link":"http:\/\/ledsp.com.br\/wordpress\/?product=lampada-t8-10w-4000k-900lm-bivolt-copy","title":{"rendered":"LAMPADA T8 10W-4000K-900lm"},"content":{"rendered":"<p>ECONOMIA DE 50% DE ENERGIA EM RELA\u00c7\u00c3O AO MODELO FLUORECENTE PADR\u00c3O.<br \/>\nDURABILIDADE NO M\u00cdNIMO 2 VEZES MAIOR QUE O MODELO FLUORECENTE PADR\u00c3O.<\/p>\n<p>LAMPADA T8 10W- 4000K BRANCO NEUTRO &#8211; BIVOLT<br \/>\nIDEAL PARA SUBSTITUIR LAMPADAS BASE G13 (T8)<br \/>\nPOT\u00caNCIA(W) 10W<br \/>\nFREQU\u00caNCIA 50\/60 Hz<br \/>\nTEMPERATURA DE COR 4000K BRANCO NEUTRO<br \/>\nTENS\u00c3O 100-240V<br \/>\nDIMENS\u00d5ES (L) 604mm<br \/>\nVIDA \u00daTIL 25.000h<br \/>\nBIVOLT<\/p>\n<div class=\"wpforms-container wpforms-container-full\" id=\"wpforms-209\"><form id=\"wpforms-form-209\" class=\"wpforms-validate wpforms-form wpforms-ajax-form\" data-formid=\"209\" method=\"post\" enctype=\"multipart\/form-data\" action=\"\/wordpress\/index.php?rest_route=%2Fwp%2Fv2%2Fproduct%2F348\" data-token=\"2a2275f8f27d663d06a9f1afd054070b\" data-token-time=\"1775896472\"><noscript class=\"wpforms-error-noscript\">Please enable JavaScript in your browser to complete this form.<\/noscript><div class=\"wpforms-field-container\"><div id=\"wpforms-209-field_1-container\" class=\"wpforms-field wpforms-field-name\" data-field-id=\"1\"><label class=\"wpforms-field-label\" for=\"wpforms-209-field_1\">Nome: <span class=\"wpforms-required-label\">*<\/span><\/label><input type=\"text\" id=\"wpforms-209-field_1\" class=\"wpforms-field-medium wpforms-field-required\" name=\"wpforms[fields][1]\" required><\/div><div id=\"wpforms-209-field_2-container\" class=\"wpforms-field wpforms-field-email\" data-field-id=\"2\"><label class=\"wpforms-field-label\" for=\"wpforms-209-field_2\">Email <span class=\"wpforms-required-label\">*<\/span><\/label><input type=\"email\" id=\"wpforms-209-field_2\" class=\"wpforms-field-medium wpforms-field-required\" name=\"wpforms[fields][2]\" spellcheck=\"false\" required><\/div><div id=\"wpforms-209-field_3-container\" class=\"wpforms-field wpforms-field-number\" data-field-id=\"3\"><label class=\"wpforms-field-label\" for=\"wpforms-209-field_3\">Telefone<\/label><input type=\"number\" id=\"wpforms-209-field_3\" class=\"wpforms-field-medium\" name=\"wpforms[fields][3]\" step=\"any\" ><\/div><div id=\"wpforms-209-field_4-container\" class=\"wpforms-field wpforms-field-text\" data-field-id=\"4\"><label class=\"wpforms-field-label\" for=\"wpforms-209-field_4\">Mensagem:<\/label><input type=\"text\" id=\"wpforms-209-field_4\" class=\"wpforms-field-medium\" name=\"wpforms[fields][4]\" ><\/div><\/div><!-- .wpforms-field-container --><div class=\"wpforms-submit-container\" ><input type=\"hidden\" name=\"wpforms[id]\" value=\"209\"><input type=\"hidden\" name=\"page_title\" value=\"\"><input type=\"hidden\" name=\"page_url\" value=\"http:\/\/ledsp.com.br\/wordpress\/index.php?rest_route=\/wp\/v2\/product\/348\"><input type=\"hidden\" name=\"url_referer\" value=\"\"><button type=\"submit\" name=\"wpforms[submit]\" id=\"wpforms-submit-209\" class=\"wpforms-submit\" data-alt-text=\"Enviando\" data-submit-text=\"Enviar\" aria-live=\"assertive\" value=\"wpforms-submit\">Enviar<\/button><img src=\"http:\/\/ledsp.com.br\/wordpress\/wp-content\/plugins\/wpforms-lite\/assets\/images\/submit-spin.svg\" class=\"wpforms-submit-spinner\" style=\"display: none;\" width=\"26\" height=\"26\" alt=\"Loading\"><\/div><\/form><\/div>  <!-- .wpforms-container -->\n","protected":false},"excerpt":{"rendered":"<p>ECONOMIA DE 50% DE ENERGIA EM RELA\u00c7\u00c3O AO MODELO FLUORECENTE PADR\u00c3O.<br \/>\nDURABILIDADE NO M\u00cdNIMO 2 VEZES MAIOR QUE O MODELO FLUORECENTE PADR\u00c3O.<\/p>\n<p>LAMPADA T8 10W- 4000K BRANCO NEUTRO &#8211; BIVOLT<br \/>\nIDEAL PARA SUBSTITUIR LAMPADAS BASE G13 (T8)<br \/>\nPOT\u00caNCIA(W) 10W<br \/>\nFREQU\u00caNCIA 50\/60 Hz<br \/>\nTEMPERATURA DE COR 4000K BRANCO NEUTRO<br \/>\nTENS\u00c3O 100-240V<br \/>\nDIMENS\u00d5ES (L) 604mm<br \/>\nVIDA \u00daTIL 25.000h<\/p>\n[wpforms id=\"203\"]\n<p> <a class=\"more-link\" href=\"http:\/\/ledsp.com.br\/wordpress\/?product=lampada-t8-10w-4000k-900lm-bivolt-copy\">Read more<\/a><\/p>","protected":false},"featured_media":346,"comment_status":"open","ping_status":"closed","template":"","meta":[],"product_cat":[36,40],"product_tag":[],"_links":{"self":[{"href":"http:\/\/ledsp.com.br\/wordpress\/index.php?rest_route=\/wp\/v2\/product\/348"}],"collection":[{"href":"http:\/\/ledsp.com.br\/wordpress\/index.php?rest_route=\/wp\/v2\/product"}],"about":[{"href":"http:\/\/ledsp.com.br\/wordpress\/index.php?rest_route=\/wp\/v2\/types\/product"}],"replies":[{"embeddable":true,"href":"http:\/\/ledsp.com.br\/wordpress\/index.php?rest_route=%2Fwp%2Fv2%2Fcomments&post=348"}],"wp:featuredmedia":[{"embeddable":true,"href":"http:\/\/ledsp.com.br\/wordpress\/index.php?rest_route=\/wp\/v2\/media\/346"}],"wp:attachment":[{"href":"http:\/\/ledsp.com.br\/wordpress\/index.php?rest_route=%2Fwp%2Fv2%2Fmedia&parent=348"}],"wp:term":[{"taxonomy":"product_cat","embeddable":true,"href":"http:\/\/ledsp.com.br\/wordpress\/index.php?rest_route=%2Fwp%2Fv2%2Fproduct_cat&post=348"},{"taxonomy":"product_tag","embeddable":true,"href":"http:\/\/ledsp.com.br\/wordpress\/index.php?rest_route=%2Fwp%2Fv2%2Fproduct_tag&post=348"}],"curies":[{"name":"wp","href":"https:\/\/api.w.org\/{rel}","templated":true}]}}